{"id":11,"date":"2011-10-06T19:03:02","date_gmt":"2011-10-06T19:03:02","guid":{"rendered":"http:\/\/riverocela.es\/prueba\/?page_id=11"},"modified":"2011-12-18T18:03:13","modified_gmt":"2011-12-18T18:03:13","slug":"que-nos-diferencia","status":"publish","type":"page","link":"https:\/\/riverocela.es\/?page_id=11","title":{"rendered":"Qu\u00e9 nos Diferencia"},"content":{"rendered":"<p><img loading=\"lazy\" decoding=\"async\" class=\"alignnone size-full wp-image-175\" title=\"diferencia\" src=\"http:\/\/riverocela.es\/wp-content\/uploads\/2011\/10\/diferencia.png\" alt=\"\" width=\"968\" height=\"177\" srcset=\"https:\/\/riverocela.es\/wp-content\/uploads\/2011\/10\/diferencia.png 968w, https:\/\/riverocela.es\/wp-content\/uploads\/2011\/10\/diferencia-300x54.png 300w\" sizes=\"auto, (max-width: 968px) 100vw, 968px\" \/><\/p>\n<div class=\"one_half \">\n<div class=\"styled_box_title\" style=\"background: -webkit-gradient(linear, left top, left bottom, from(#f7f7f7), to(#f5f5f5));background: -moz-linear-gradient(top,  #f7f7f7,  #f5f5f5);filter:  progid:DXImageTransform.Microsoft.gradient(startColorstr='#f7f7f7', endColorstr='#f5f5f5');border:1px solid #f6f6f6;color:#444444;width:95%;\">Inmediatez<\/div>\n<div class=\"styled_box_content\" style=\"border:1px solid #f6f6f6;border-top:0;width:95%\">\nUna necesidad de asesoramiento puede constituir un grave problema jur\u00eddico si no se resuelve a tiempo. La rapidez y la eficiencia intentar ser nuestra se\u00f1a de identidad.<br \/>\nServicio: Nuestra cartera de clientes necesita ser atendida en el preciso momento que reclama nuestra ayuda. La vocaci\u00f3n de servicio y la orientaci\u00f3n al cliente est\u00e1 en la cadena gen\u00e9tica de nuestro Despacho.\n<\/div>\n<\/div>\n<div class=\"one_half last \">\n<div class=\"styled_box_title\" style=\"background: -webkit-gradient(linear, left top, left bottom, from(#f7f7f7), to(#f5f5f5));background: -moz-linear-gradient(top,  #f7f7f7,  #f5f5f5);filter:  progid:DXImageTransform.Microsoft.gradient(startColorstr='#f7f7f7', endColorstr='#f5f5f5');border:1px solid #f6f6f6;color:#444444;width:95%;\">Especializaci\u00f3n<\/div>\n<div class=\"styled_box_content\" style=\"border:1px solid #f6f6f6;border-top:0;width:95%\">\nEl servicio de asesoramiento jur\u00eddico que prestamos se base en un conocimiento preciso de las materias. Solo trabajamos las \u00c1reas del Derecho que dominamos. La rama Social del Derecho constituye la base de nuestros servicios.\n<\/div>\n<\/div>\n<p><img loading=\"lazy\" decoding=\"async\" class=\"alignnone size-full wp-image-110\" title=\"divisoria\" src=\"http:\/\/riverocela.es\/wp-content\/uploads\/2011\/10\/divisoria.jpg\" alt=\"\" width=\"961\" height=\"49\" srcset=\"https:\/\/riverocela.es\/wp-content\/uploads\/2011\/10\/divisoria.jpg 961w, https:\/\/riverocela.es\/wp-content\/uploads\/2011\/10\/divisoria-300x15.jpg 300w\" sizes=\"auto, (max-width: 961px) 100vw, 961px\" \/><\/p>\n<div class=\"one_half \">\n<div class=\"styled_box_title\" style=\"background: -webkit-gradient(linear, left top, left bottom, from(#f7f7f7), to(#f5f5f5));background: -moz-linear-gradient(top,  #f7f7f7,  #f5f5f5);filter:  progid:DXImageTransform.Microsoft.gradient(startColorstr='#f7f7f7', endColorstr='#f5f5f5');border:1px solid #f6f6f6;color:#444444;width:95%;\">Excelencia<\/div>\n<div class=\"styled_box_content\" style=\"border:1px solid #f6f6f6;border-top:0;width:95%\">\nBuscamos ser excelentes y que el talento est\u00e9 presente en nuestras actuaciones. Esta es la finalidad no escatimando ni medios ni tiempo para conseguirlo.\n<\/div>\n<\/div>\n<div class=\"one_half last \">\n<div class=\"styled_box_title\" style=\"background: -webkit-gradient(linear, left top, left bottom, from(#f7f7f7), to(#f5f5f5));background: -moz-linear-gradient(top,  #f7f7f7,  #f5f5f5);filter:  progid:DXImageTransform.Microsoft.gradient(startColorstr='#f7f7f7', endColorstr='#f5f5f5');border:1px solid #f6f6f6;color:#444444;width:95%;\">I+D+I<\/div>\n<div class=\"styled_box_content\" style=\"border:1px solid #f6f6f6;border-top:0;width:95%\">\nInvestigamos, desarrollamos e innovamos las soluciones \u00f3ptimas que las situaciones requieren. Para ello nos apoyamos en el trabajo, dedicaci\u00f3n y nuevas tecnolog\u00edas.\n<\/div>\n<\/div>\n","protected":false},"excerpt":{"rendered":"","protected":false},"author":1,"featured_media":0,"parent":0,"menu_order":0,"comment_status":"open","ping_status":"open","template":"","meta":{"footnotes":""},"class_list":["post-11","page","type-page","status-publish","hentry"],"_links":{"self":[{"href":"https:\/\/riverocela.es\/index.php?rest_route=\/wp\/v2\/pages\/11","targetHints":{"allow":["GET"]}}],"collection":[{"href":"https:\/\/riverocela.es\/index.php?rest_route=\/wp\/v2\/pages"}],"about":[{"href":"https:\/\/riverocela.es\/index.php?rest_route=\/wp\/v2\/types\/page"}],"author":[{"embeddable":true,"href":"https:\/\/riverocela.es\/index.php?rest_route=\/wp\/v2\/users\/1"}],"replies":[{"embeddable":true,"href":"https:\/\/riverocela.es\/index.php?rest_route=%2Fwp%2Fv2%2Fcomments&post=11"}],"version-history":[{"count":15,"href":"https:\/\/riverocela.es\/index.php?rest_route=\/wp\/v2\/pages\/11\/revisions"}],"predecessor-version":[{"id":249,"href":"https:\/\/riverocela.es\/index.php?rest_route=\/wp\/v2\/pages\/11\/revisions\/249"}],"wp:attachment":[{"href":"https:\/\/riverocela.es\/index.php?rest_route=%2Fwp%2Fv2%2Fmedia&parent=11"}],"curies":[{"name":"wp","href":"https:\/\/api.w.org\/{rel}","templated":true}]}}