{"id":2,"date":"2011-09-28T14:55:46","date_gmt":"2011-09-28T14:55:46","guid":{"rendered":"http:\/\/riverocela.es\/prueba\/?page_id=2"},"modified":"2011-12-18T18:03:13","modified_gmt":"2011-12-18T18:03:13","slug":"pagina_de_ejemplo","status":"publish","type":"page","link":"https:\/\/riverocela.es\/?page_id=2","title":{"rendered":"Con\u00f3cenos"},"content":{"rendered":"<p><img loading=\"lazy\" decoding=\"async\" class=\"alignnone size-full wp-image-165\" title=\"interno-nosotros\" src=\"http:\/\/riverocela.es\/wp-content\/uploads\/2011\/09\/interno-nosotros.png\" alt=\"\" width=\"968\" height=\"177\" srcset=\"https:\/\/riverocela.es\/wp-content\/uploads\/2011\/09\/interno-nosotros.png 968w, https:\/\/riverocela.es\/wp-content\/uploads\/2011\/09\/interno-nosotros-300x54.png 300w\" sizes=\"auto, (max-width: 968px) 100vw, 968px\" \/><\/p>\n<p><span style=\"color: #877644;\"><strong> Rivero Cela Abogados<\/strong><\/span> destaca como uno de los Despachos espa\u00f1oles que ofrece un alto nivel de especializaci\u00f3n en el an\u00e1lisis y tratamiento de las cuestiones propias del <strong>Derecho del Trabajo<\/strong>, de la <strong>Seguridad Social<\/strong> y la <strong>Prevenci\u00f3n de Riesgos Laborales<\/strong>. De igual forma, conforman nuestra especialidad, tanto el <strong>Derecho Administrativo Laboral<\/strong> como el <strong>Derecho Penal Laboral<\/strong> que siempre han estado \u00edntimamente ligadas a la rama social del Derecho.<\/p>\n<p>Nuestra dedicaci\u00f3n al <strong>Derecho del Trabajo<\/strong>, nos ha hecho estar presentes en los sectores de actividad m\u00e1s relevantes del mercado espa\u00f1ol. No obstante, existen \u00e1mbitos de actividad donde nuestra experiencia y conocimiento destacan por encima de otros. Dos ejemplos claros estar\u00edan en el sector de <strong>Empresas de Trabajo Temporal<\/strong> as\u00ed como en todos aquellos procesos empresariales de externalizaci\u00f3n de servicios.<br \/>\nEn los sectores antes referenciados, hemos participado en las modificaciones legislativas que actualmente regulan los mismos y hemos sido parte activa en procesos de negociaci\u00f3n colectiva.<\/p>\n<p>Adem\u00e1s, en los \u00faltimos a\u00f1os, el Despacho ha iniciado un proceso de expansi\u00f3n que busca la prestaci\u00f3n de servicios generales a las Empresas y, por ello, se integran profesionales especializados en otras ramas del Derecho. Ello nos permite dar una soluci\u00f3n global a toda la problem\u00e1tica que se presenta en la vida de las empresas.<\/p>\n<p>En la actualidad, <span style=\"color: #877644;\"><strong>Rivero Cela Abogados<\/strong><\/span> tiene su sede en <strong>Madrid<\/strong> y cuenta con un amplio equipo de abogados y economistas que afrontan con solvencia la problem\u00e1tica presente en nuestros clientes.<\/p>\n","protected":false},"excerpt":{"rendered":"<p>Rivero Cela Abogados destaca como uno de los Despachos espa\u00f1oles que ofrece un alto nivel de especializaci\u00f3n en el an\u00e1lisis y tratamiento de las cuestiones propias del Derecho del Trabajo, de la Seguridad Social y la Prevenci\u00f3n de Riesgos Laborales. De igual forma, conforman nuestra especialidad, tanto el Derecho Administrativo Laboral como el Derecho Penal [&hellip;]<\/p>\n","protected":false},"author":1,"featured_media":0,"parent":0,"menu_order":0,"comment_status":"open","ping_status":"open","template":"","meta":{"footnotes":""},"class_list":["post-2","page","type-page","status-publish","hentry"],"_links":{"self":[{"href":"https:\/\/riverocela.es\/index.php?rest_route=\/wp\/v2\/pages\/2","targetHints":{"allow":["GET"]}}],"collection":[{"href":"https:\/\/riverocela.es\/index.php?rest_route=\/wp\/v2\/pages"}],"about":[{"href":"https:\/\/riverocela.es\/index.php?rest_route=\/wp\/v2\/types\/page"}],"author":[{"embeddable":true,"href":"https:\/\/riverocela.es\/index.php?rest_route=\/wp\/v2\/users\/1"}],"replies":[{"embeddable":true,"href":"https:\/\/riverocela.es\/index.php?rest_route=%2Fwp%2Fv2%2Fcomments&post=2"}],"version-history":[{"count":22,"href":"https:\/\/riverocela.es\/index.php?rest_route=\/wp\/v2\/pages\/2\/revisions"}],"predecessor-version":[{"id":245,"href":"https:\/\/riverocela.es\/index.php?rest_route=\/wp\/v2\/pages\/2\/revisions\/245"}],"wp:attachment":[{"href":"https:\/\/riverocela.es\/index.php?rest_route=%2Fwp%2Fv2%2Fmedia&parent=2"}],"curies":[{"name":"wp","href":"https:\/\/api.w.org\/{rel}","templated":true}]}}